{"id":54,"date":"2017-07-27T12:11:43","date_gmt":"2017-07-27T10:11:43","guid":{"rendered":"http:\/\/www.chiantivillage.com\/home\/"},"modified":"2026-01-20T16:21:24","modified_gmt":"2026-01-20T15:21:24","slug":"home","status":"publish","type":"page","link":"https:\/\/www.chiantivillage.com\/en\/","title":{"rendered":"Home"},"content":{"rendered":"<div class=\"wpb-content-wrapper\"><p>[vc_row equal_height=&#8221;yes&#8221; content_placement=&#8221;bottom&#8221; fullwidth=&#8221;yes&#8221; archi_fullheight=&#8221;yes&#8221; css=&#8221;.vc_custom_1501677976530{background-image: url(http:\/\/www.chiantivillage.com\/wp-content\/uploads\/2017\/07\/morroccohome.jpg?id=48) !important;background-position: center !important;background-repeat: no-repeat !important;background-size: cover !important;}&#8221; el_id=&#8221;mainImage&#8221;][vc_column][vc_row_inner content_placement=&#8221;bottom&#8221;][vc_column_inner][vc_column_text el_class=&#8221;pulsantiInBasso&#8221;]<a href=\"#iniziopagina\">DISCOVER MORE<\/a> <a href=\"https:\/\/be.quovai.com\/en\/be\/residencechiantivillagemorrocco\" target=\"_blank\" rel=\"noopener\">BOOK NOW<\/a>[\/vc_column_text][\/vc_column_inner][\/vc_row_inner][\/vc_column][\/vc_row][vc_row el_id=&#8221;iniziopagina&#8221;][vc_column][vc_empty_space height=&#8221;30px&#8221;][\/vc_column][\/vc_row][vc_row equal_height=&#8221;yes&#8221; content_placement=&#8221;middle&#8221; el_class=&#8221;riga_pc&#8221;][vc_column width=&#8221;1\/2&#8243;][vc_empty_space height=&#8221;30px&#8221;][vc_column_text el_class=&#8221;testoStandard titoloStandard&#8221;]ACCOMMODATION[\/vc_column_text][vc_column_text el_class=&#8221;testoStandard&#8221;]<\/p>\n<p style=\"text-align: center;\">The Resort Chianti Village Morrocco has 56 apartments (15 studios, 33 two-room apartments and 8 three-room apartments) all different but all furnished with elegance and sobriety that has always distinguished Italian taste for details.<\/p>\n<p>[\/vc_column_text][vc_column_text el_class=&#8221;pulsanti&#8221;]<a href=\"http:\/\/www.chiantivillage.com\/en\/sistemazioni\/\">DISCOVER MORE<\/a>[\/vc_column_text][vc_empty_space height=&#8221;30px&#8221;][\/vc_column][vc_column width=&#8221;1\/2&#8243; css=&#8221;.vc_custom_1501519622172{background-image: url(http:\/\/www.chiantivillage.com\/wp-content\/uploads\/2017\/07\/OUR-ROOMS.jpg?id=122) !important;background-position: center !important;background-repeat: no-repeat !important;background-size: cover !important;}&#8221;][\/vc_column][\/vc_row][vc_row equal_height=&#8221;yes&#8221; content_placement=&#8221;middle&#8221; el_class=&#8221;riga_mb&#8221;][vc_column width=&#8221;1\/2&#8243;][vc_empty_space height=&#8221;30px&#8221;][vc_column_text el_class=&#8221;testoStandard titoloStandard&#8221;]ACCOMMODATION[\/vc_column_text][vc_column_text el_class=&#8221;testoStandard&#8221;]<\/p>\n<p style=\"text-align: center;\">The Resort Chianti Village Morrocco has 56 apartments (15 studios, 33 two-room apartments and 8 three-room apartments) all different but all furnished with elegance and sobriety that has always distinguished Italian taste for details.<\/p>\n<p>[\/vc_column_text][vc_column_text el_class=&#8221;pulsanti&#8221;]<a href=\"http:\/\/www.chiantivillage.com\/en\/sistemazioni\/\">DISCOVER MORE<\/a>[\/vc_column_text][vc_empty_space height=&#8221;30px&#8221;][\/vc_column][vc_column width=&#8221;1\/2&#8243; css=&#8221;.vc_custom_1501519622172{background-image: url(http:\/\/www.chiantivillage.com\/wp-content\/uploads\/2017\/07\/OUR-ROOMS.jpg?id=122) !important;background-position: center !important;background-repeat: no-repeat !important;background-size: cover !important;}&#8221;][vc_empty_space height=&#8221;200px&#8221;][\/vc_column][\/vc_row][vc_row equal_height=&#8221;yes&#8221; content_placement=&#8221;middle&#8221; el_class=&#8221;riga_pc&#8221;][vc_column width=&#8221;1\/2&#8243; css=&#8221;.vc_custom_1501520253827{background-image: url(http:\/\/www.chiantivillage.com\/wp-content\/uploads\/2017\/07\/lifestyle_Y3A0595.jpg?id=136) !important;background-position: center !important;background-repeat: no-repeat !important;background-size: cover !important;}&#8221;][\/vc_column][vc_column width=&#8221;1\/2&#8243;][vc_empty_space height=&#8221;30px&#8221;][vc_column_text el_class=&#8221;testoStandard titoloStandard&#8221;]LIFESTYLE[\/vc_column_text][vc_column_text el_class=&#8221;testo_Corsivo&#8221;]<\/p>\n<p style=\"text-align: center;\">La Toscana \u00e8 paesaggio magico dove tutto \u00e8 gentile intorno, tutto \u00e8 antico e nuovo.<br \/>\n(Curzio Malaparte)<\/p>\n<p>[\/vc_column_text][vc_column_text el_class=&#8221;pulsanti&#8221;]<a href=\"http:\/\/www.chiantivillage.com\/en\/lifestyle\/\">DISCOVER MORE<\/a>[\/vc_column_text][vc_empty_space height=&#8221;30px&#8221;][\/vc_column][\/vc_row][vc_row equal_height=&#8221;yes&#8221; content_placement=&#8221;middle&#8221; el_class=&#8221;riga_mb&#8221;][vc_column width=&#8221;1\/2&#8243;][vc_empty_space height=&#8221;30px&#8221;][vc_column_text el_class=&#8221;testoStandard titoloStandard&#8221;]LIFESTYLE[\/vc_column_text][vc_column_text el_class=&#8221;testo_Corsivo&#8221;]<\/p>\n<p style=\"text-align: center;\">La Toscana \u00e8 paesaggio magico dove tutto \u00e8 gentile intorno, tutto \u00e8 antico e nuovo.<br \/>\n(Curzio Malaparte)<\/p>\n<p>[\/vc_column_text][vc_column_text el_class=&#8221;pulsanti&#8221;]<a href=\"http:\/\/www.chiantivillage.com\/en\/lifestyle\/\">DISCOVER MORE<\/a>[\/vc_column_text][vc_empty_space height=&#8221;30px&#8221;][\/vc_column][vc_column width=&#8221;1\/2&#8243; css=&#8221;.vc_custom_1504169735541{background-image: url(http:\/\/www.chiantivillage.com\/wp-content\/uploads\/2017\/07\/lifestyle_Y3A0595.jpg?id=136) !important;background-position: center !important;background-repeat: no-repeat !important;background-size: cover !important;}&#8221;][vc_empty_space height=&#8221;200px&#8221;][\/vc_column][\/vc_row][vc_row equal_height=&#8221;yes&#8221; content_placement=&#8221;middle&#8221; el_class=&#8221;riga_pc&#8221;][vc_column width=&#8221;1\/2&#8243;][vc_empty_space height=&#8221;30px&#8221;][vc_column_text el_class=&#8221;testoStandard titoloStandard&#8221;]ABOUT[\/vc_column_text][vc_column_text el_class=&#8221;testoStandard&#8221;]<\/p>\n<p style=\"text-align: center;\">Nestled in the beautiful hills of Chianti, Chianti Village Morrocco Resort opened its doors in the spring of 2012. Located in one of the most exclusive locations of Tuscany, a few steps from the most famous places in the region.<\/p>\n<p>[\/vc_column_text][vc_column_text el_class=&#8221;pulsanti&#8221;]<a href=\"http:\/\/www.chiantivillage.com\/en\/about\/\">DISCOVER MORE<\/a>[\/vc_column_text][vc_empty_space height=&#8221;30px&#8221;][\/vc_column][vc_column width=&#8221;1\/2&#8243; css=&#8221;.vc_custom_1501766802366{background-image: url(http:\/\/www.chiantivillage.com\/wp-content\/uploads\/2017\/07\/eventsIMG_1199.jpg?id=247) !important;background-position: center !important;background-repeat: no-repeat !important;background-size: cover !important;}&#8221;][\/vc_column][\/vc_row][vc_row equal_height=&#8221;yes&#8221; content_placement=&#8221;middle&#8221; el_class=&#8221;riga_mb&#8221;][vc_column width=&#8221;1\/2&#8243;][vc_empty_space height=&#8221;30px&#8221;][vc_column_text el_class=&#8221;testoStandard titoloStandard&#8221;]ABOUT[\/vc_column_text][vc_column_text el_class=&#8221;testoStandard&#8221;]<\/p>\n<p style=\"text-align: center;\">Nestled in the beautiful hills of Chianti, Chianti Village Morrocco Resort opened its doors in the spring of 2012. Located in one of the most exclusive locations of Tuscany, a few steps from the most famous places in the region.<\/p>\n<p>[\/vc_column_text][vc_column_text el_class=&#8221;pulsanti&#8221;]<a href=\"http:\/\/www.chiantivillage.com\/en\/about\/\">DISCOVER MORE<\/a>[\/vc_column_text][vc_empty_space height=&#8221;30px&#8221;][\/vc_column][vc_column width=&#8221;1\/2&#8243; css=&#8221;.vc_custom_1501766802366{background-image: url(http:\/\/www.chiantivillage.com\/wp-content\/uploads\/2017\/07\/eventsIMG_1199.jpg?id=247) !important;background-position: center !important;background-repeat: no-repeat !important;background-size: cover !important;}&#8221;][vc_empty_space height=&#8221;200px&#8221;][\/vc_column][\/vc_row][vc_row][vc_column][vc_empty_space]\n<div class=\"wpcf7 no-js\" id=\"wpcf7-f1074-o1\" lang=\"it-IT\" dir=\"ltr\" data-wpcf7-id=\"1074\">\n<div class=\"screen-reader-response\"><p role=\"status\" aria-live=\"polite\" aria-atomic=\"true\"><\/p> <ul><\/ul><\/div>\n<form action=\"\/en\/wp-json\/wp\/v2\/pages\/54#wpcf7-f1074-o1\" method=\"post\" class=\"wpcf7-form init\" aria-label=\"Modulo di contatto\" novalidate=\"novalidate\" data-status=\"init\">\n<fieldset class=\"hidden-fields-container\"><input type=\"hidden\" name=\"_wpcf7\" value=\"1074\" \/><input type=\"hidden\" name=\"_wpcf7_version\" value=\"6.1.5\" \/><input type=\"hidden\" name=\"_wpcf7_locale\" value=\"it_IT\" \/><input type=\"hidden\" name=\"_wpcf7_unit_tag\" value=\"wpcf7-f1074-o1\" \/><input type=\"hidden\" name=\"_wpcf7_container_post\" value=\"0\" \/><input type=\"hidden\" name=\"_wpcf7_posted_data_hash\" value=\"\" \/>\n<\/fieldset>\n<div class=\"contactForm\">\n\t<p>Subscribe our Newsletter\n\t<\/p>\n\t<div class=\"contactElement\">\n\t\t<p><label> Name*<br \/>\n<span class=\"wpcf7-form-control-wrap\" data-name=\"your-name\"><input size=\"40\" maxlength=\"400\" class=\"wpcf7-form-control wpcf7-text wpcf7-validates-as-required\" aria-required=\"true\" aria-invalid=\"false\" value=\"\" type=\"text\" name=\"your-name\" \/><\/span> <\/label>\n\t\t<\/p>\n\t<\/div>\n\t<div class=\"contactElement\">\n\t\t<p><label> Email*<br \/>\n<span class=\"wpcf7-form-control-wrap\" data-name=\"your-email\"><input size=\"40\" maxlength=\"400\" class=\"wpcf7-form-control wpcf7-email wpcf7-validates-as-required wpcf7-text wpcf7-validates-as-email\" aria-required=\"true\" aria-invalid=\"false\" value=\"\" type=\"email\" name=\"your-email\" \/><\/span> <\/label>\n\t\t<\/p>\n\t<\/div>\n\t<div class=\"buttonContactForm\">\n\t\t<p><input class=\"wpcf7-form-control wpcf7-submit has-spinner\" type=\"submit\" value=\"Subscribe\" \/>\n\t\t<\/p>\n\t<\/div>\n<\/div><div class=\"wpcf7-response-output\" aria-hidden=\"true\"><\/div>\n<\/form>\n<\/div>\n[\/vc_column][\/vc_row]<\/p>\n<\/div>","protected":false},"excerpt":{"rendered":"<p>[vc_row equal_height=&#8221;yes&#8221; content_placement=&#8221;bottom&#8221; fullwidth=&#8221;yes&#8221; archi_fullheight=&#8221;yes&#8221; css=&#8221;.vc_custom_1501677976530{background-image: url(http:\/\/www.chiantivillage.com\/wp-content\/uploads\/2017\/07\/morroccohome.jpg?id=48) !important;background-position: center !important;background-repeat: no-repeat !important;background-size: cover !important;}&#8221; el_id=&#8221;mainImage&#8221;][vc_column][vc_row_inner content_placement=&#8221;bottom&#8221;][vc_column_inner][vc_column_text el_class=&#8221;pulsantiInBasso&#8221;]DISCOVER MORE BOOK NOW[\/vc_column_text][\/vc_column_inner][\/vc_row_inner][\/vc_column][\/vc_row][vc_row el_id=&#8221;iniziopagina&#8221;][vc_column][vc_empty_space height=&#8221;30px&#8221;][\/vc_column][\/vc_row][vc_row equal_height=&#8221;yes&#8221; content_placement=&#8221;middle&#8221; el_class=&#8221;riga_pc&#8221;][vc_column width=&#8221;1\/2&#8243;][vc_empty_space height=&#8221;30px&#8221;][vc_column_text el_class=&#8221;testoStandard titoloStandard&#8221;]ACCOMMODATION[\/vc_column_text][vc_column_text el_class=&#8221;testoStandard&#8221;] The Resort Chianti Village Morrocco has 56 apartments (15 studios, 33 two-room apartments and 8 three-room apartments) all different but all furnished with elegance and [&hellip;]<\/p>\n","protected":false},"author":3,"featured_media":0,"parent":0,"menu_order":0,"comment_status":"closed","ping_status":"closed","template":"page-templates\/template-fullwidth.php","meta":{"footnotes":""},"class_list":["post-54","page","type-page","status-publish","hentry"],"_links":{"self":[{"href":"https:\/\/www.chiantivillage.com\/en\/wp-json\/wp\/v2\/pages\/54","targetHints":{"allow":["GET"]}}],"collection":[{"href":"https:\/\/www.chiantivillage.com\/en\/wp-json\/wp\/v2\/pages"}],"about":[{"href":"https:\/\/www.chiantivillage.com\/en\/wp-json\/wp\/v2\/types\/page"}],"author":[{"embeddable":true,"href":"https:\/\/www.chiantivillage.com\/en\/wp-json\/wp\/v2\/users\/3"}],"replies":[{"embeddable":true,"href":"https:\/\/www.chiantivillage.com\/en\/wp-json\/wp\/v2\/comments?post=54"}],"version-history":[{"count":69,"href":"https:\/\/www.chiantivillage.com\/en\/wp-json\/wp\/v2\/pages\/54\/revisions"}],"predecessor-version":[{"id":1322,"href":"https:\/\/www.chiantivillage.com\/en\/wp-json\/wp\/v2\/pages\/54\/revisions\/1322"}],"wp:attachment":[{"href":"https:\/\/www.chiantivillage.com\/en\/wp-json\/wp\/v2\/media?parent=54"}],"curies":[{"name":"wp","href":"https:\/\/api.w.org\/{rel}","templated":true}]}}